{"id":90081,"date":"2021-03-30T14:31:19","date_gmt":"2021-03-30T12:31:19","guid":{"rendered":"https:\/\/undsgn.com\/uncode\/?page_id=90081"},"modified":"2025-09-12T19:57:31","modified_gmt":"2025-09-12T17:57:31","slug":"creative-agency","status":"publish","type":"page","link":"https:\/\/festivalpolevky.cz\/","title":{"rendered":"Festival pol\u00e9vky"},"content":{"rendered":"<p>[vc_row row_height_percent=&#8221;100&#8243; override_padding=&#8221;yes&#8221; h_padding=&#8221;2&#8243; top_padding=&#8221;4&#8243; bottom_padding=&#8221;2&#8243; back_color=&#8221;color-jevc&#8221; back_image=&#8221;100892&#8243; back_position=&#8221;center bottom&#8221; overlay_color=&#8221;color-jevc&#8221; overlay_alpha=&#8221;25&#8243; gutter_size=&#8221;3&#8243; column_width_percent=&#8221;100&#8243; shift_y=&#8221;0&#8243; z_index=&#8221;1&#8243; enable_bottom_divider=&#8221;default&#8221; bottom_divider=&#8221;gradient&#8221; shape_bottom_h_use_pixel=&#8221;true&#8221; shape_bottom_height_percent=&#8221;100&#8243; shape_bottom_color=&#8221;color-jevc&#8221; shape_bottom_opacity=&#8221;50&#8243; shape_bottom_index=&#8221;0&#8243; uncode_shortcode_id=&#8221;211703&#8243; back_color_type=&#8221;uncode-palette&#8221; overlay_color_type=&#8221;uncode-palette&#8221; shape_bottom_color_type=&#8221;uncode-palette&#8221;][vc_column column_width_percent=&#8221;100&#8243; align_horizontal=&#8221;align_center&#8221; gutter_size=&#8221;3&#8243; style=&#8221;dark&#8221; overlay_alpha=&#8221;50&#8243; shift_x=&#8221;0&#8243; shift_y=&#8221;0&#8243; shift_y_down=&#8221;0&#8243; z_index=&#8221;0&#8243; medium_width=&#8221;0&#8243; align_mobile=&#8221;align_center_mobile&#8221; mobile_width=&#8221;0&#8243; css_animation=&#8221;alpha-anim&#8221; animation_speed=&#8221;1000&#8243; animation_delay=&#8221;400&#8243; width=&#8221;1\/1&#8243; uncode_shortcode_id=&#8221;992660&#8243;][vc_row_inner limit_content=&#8221;&#8221;][vc_column_inner column_width_percent=&#8221;100&#8243; position_vertical=&#8221;middle&#8221; align_horizontal=&#8221;align_center&#8221; gutter_size=&#8221;2&#8243; style=&#8221;dark&#8221; overlay_alpha=&#8221;50&#8243; shift_x=&#8221;0&#8243; shift_y=&#8221;0&#8243; shift_y_down=&#8221;0&#8243; z_index=&#8221;0&#8243; medium_width=&#8221;0&#8243; align_mobile=&#8221;align_center_mobile&#8221; mobile_width=&#8221;0&#8243; parallax_intensity=&#8221;1&#8243; parallax_centered=&#8221;yes&#8221; width=&#8221;1\/1&#8243; uncode_shortcode_id=&#8221;172160&#8243;][vc_custom_heading text_font=&#8221;font-377884&#8243; text_size=&#8221;fontsize-338686&#8243; text_weight=&#8221;800&#8243; css_animation=&#8221;curtain-words&#8221; animation_speed=&#8221;1000&#8243; animation_delay=&#8221;400&#8243; title=&#8221;&#8221; uncode_shortcode_id=&#8221;354312&#8243;]Festival pol\u00e9vky 2025[\/vc_custom_heading][vc_custom_heading text_font=&#8221;font-175345&#8243; text_weight=&#8221;300&#8243; css_animation=&#8221;curtain-words&#8221; animation_speed=&#8221;1000&#8243; animation_delay=&#8221;400&#8243; title=&#8221;&#8221; uncode_shortcode_id=&#8221;111699&#8243;]14. z\u00e1\u0159\u00ed od 11:00 v Plze\u0148sk\u00e9m Prazdroji[\/vc_custom_heading][\/vc_column_inner][\/vc_row_inner][vc_row_inner limit_content=&#8221;&#8221;][vc_column_inner column_width_percent=&#8221;80&#8243; position_vertical=&#8221;middle&#8221; align_horizontal=&#8221;align_center&#8221; gutter_size=&#8221;2&#8243; style=&#8221;dark&#8221; overlay_alpha=&#8221;50&#8243; shift_x=&#8221;0&#8243; shift_y=&#8221;0&#8243; shift_y_down=&#8221;0&#8243; z_index=&#8221;0&#8243; medium_width=&#8221;0&#8243; align_mobile=&#8221;align_center_mobile&#8221; mobile_width=&#8221;0&#8243; parallax_intensity=&#8221;1&#8243; parallax_centered=&#8221;yes&#8221; width=&#8221;1\/3&#8243; uncode_shortcode_id=&#8221;706978&#8243;][vc_button hover_fx=&#8221;full-colored&#8221; border_width=&#8221;0&#8243; button_color_type=&#8221;uncode-gradient&#8221; icon=&#8221;fa fa-list2&#8243; uncode_shortcode_id=&#8221;976574&#8243; link=&#8221;url:%23nabidka&#8221;]Zobrazit nab\u00eddku[\/vc_button][\/vc_column_inner][vc_column_inner column_width_percent=&#8221;80&#8243; position_vertical=&#8221;middle&#8221; align_horizontal=&#8221;align_center&#8221; gutter_size=&#8221;2&#8243; overlay_alpha=&#8221;50&#8243; shift_x=&#8221;0&#8243; shift_y=&#8221;0&#8243; shift_y_down=&#8221;0&#8243; z_index=&#8221;0&#8243; medium_width=&#8221;0&#8243; mobile_width=&#8221;0&#8243; parallax_intensity=&#8221;1&#8243; parallax_centered=&#8221;yes&#8221; width=&#8221;1\/3&#8243; uncode_shortcode_id=&#8221;729663&#8243;][vc_button button_color=&#8221;color-210407&#8243; border_width=&#8221;0&#8243; button_color_type=&#8221;uncode-palette&#8221; icon=&#8221;fa fa-facebook&#8221; uncode_shortcode_id=&#8221;617705&#8243; link=&#8221;url:https%3A%2F%2Fwww.facebook.com%2Ffestivalpolevky|target:_blank&#8221;]Facebook[\/vc_button][\/vc_column_inner][vc_column_inner column_width_percent=&#8221;80&#8243; position_vertical=&#8221;middle&#8221; align_horizontal=&#8221;align_center&#8221; gutter_size=&#8221;3&#8243; style=&#8221;dark&#8221; overlay_alpha=&#8221;50&#8243; shift_x=&#8221;0&#8243; shift_y=&#8221;0&#8243; shift_y_down=&#8221;0&#8243; z_index=&#8221;0&#8243; medium_width=&#8221;0&#8243; mobile_width=&#8221;0&#8243; width=&#8221;1\/3&#8243; uncode_shortcode_id=&#8221;185405&#8243;][vc_button hover_fx=&#8221;full-colored&#8221; border_width=&#8221;0&#8243; button_color_type=&#8221;uncode-gradient&#8221; icon=&#8221;fa fa-mail&#8221; uncode_shortcode_id=&#8221;169541&#8243; link=&#8221;url:mailto%3Amatej%40artprom.cz&#8221;]Kontakt pro prodejce[\/vc_button][\/vc_column_inner][\/vc_row_inner][\/vc_column][\/vc_row][vc_row row_height_percent=&#8221;0&#8243; override_padding=&#8221;yes&#8221; h_padding=&#8221;2&#8243; top_padding=&#8221;6&#8243; bottom_padding=&#8221;6&#8243; back_color=&#8221;color-lxmt&#8221; overlay_alpha=&#8221;50&#8243; gutter_size=&#8221;3&#8243; column_width_percent=&#8221;100&#8243; shift_y=&#8221;0&#8243; z_index=&#8221;1&#8243; row_name=&#8221;nabidka&#8221; uncode_shortcode_id=&#8221;501153&#8243; back_color_type=&#8221;uncode-palette&#8221;][vc_column column_width_percent=&#8221;100&#8243; position_vertical=&#8221;middle&#8221; gutter_size=&#8221;2&#8243; style=&#8221;light&#8221; overlay_alpha=&#8221;50&#8243; shift_x=&#8221;0&#8243; shift_y=&#8221;0&#8243; shift_y_down=&#8221;0&#8243; z_index=&#8221;0&#8243; medium_width=&#8221;0&#8243; mobile_width=&#8221;0&#8243; css_animation=&#8221;alpha-anim&#8221; animation_speed=&#8221;1000&#8243; width=&#8221;1\/1&#8243; uncode_shortcode_id=&#8221;988852&#8243;][vc_row_inner row_inner_height_percent=&#8221;0&#8243; overlay_alpha=&#8221;50&#8243; gutter_size=&#8221;4&#8243; shift_y=&#8221;0&#8243; z_index=&#8221;0&#8243; limit_content=&#8221;&#8221; uncode_shortcode_id=&#8221;167072&#8243;][vc_column_inner column_width_percent=&#8221;100&#8243; position_vertical=&#8221;middle&#8221; gutter_size=&#8221;2&#8243; style=&#8221;dark&#8221; overlay_alpha=&#8221;50&#8243; shift_x=&#8221;0&#8243; shift_y=&#8221;0&#8243; shift_y_down=&#8221;0&#8243; z_index=&#8221;0&#8243; medium_width=&#8221;0&#8243; align_mobile=&#8221;align_center_mobile&#8221; mobile_width=&#8221;0&#8243; width=&#8221;1\/1&#8243; uncode_shortcode_id=&#8221;784361&#8243;][vc_custom_heading text_color=&#8221;accent&#8221; heading_semantic=&#8221;h4&#8243; text_font=&#8221;font-377884&#8243; text_size=&#8221;fontsize-338686&#8243; text_weight=&#8221;800&#8243; uncode_shortcode_id=&#8221;188842&#8243; text_color_type=&#8221;uncode-palette&#8221;]Seznam pol\u00e9vek 2025[\/vc_custom_heading][\/vc_column_inner][\/vc_row_inner][vc_custom_heading heading_semantic=&#8221;h5&#8243; text_font=&#8221;font-175345&#8243; text_size=&#8221;h5&#8243; text_weight=&#8221;400&#8243; text_height=&#8221;fontheight-357766&#8243; uncode_shortcode_id=&#8221;108431&#8243;]<span data-sheets-value=\"{&quot;1&quot;:2,&quot;2&quot;:&quot;\u0158eznictv\u00ed U BEJKA&quot;}\" data-sheets-userformat=\"{&quot;2&quot;:513,&quot;3&quot;:{&quot;1&quot;:0},&quot;12&quot;:0}\"><strong>1. \u0158eznictv\u00ed U Bejka<\/strong> \/ Dr\u0161\u0165kov\u00e1 a gul\u00e1\u0161ov\u00e1 pol\u00e9vka<\/span>[\/vc_custom_heading][vc_separator sep_color=&#8221;color-uydo&#8221; type=&#8221;dashed&#8221; uncode_shortcode_id=&#8221;155874&#8243; sep_color_type=&#8221;uncode-palette&#8221;][vc_custom_heading heading_semantic=&#8221;h5&#8243; text_font=&#8221;font-175345&#8243; text_size=&#8221;h5&#8243; text_weight=&#8221;400&#8243; text_height=&#8221;fontheight-357766&#8243; uncode_shortcode_id=&#8221;173924&#8243;]<span data-sheets-value=\"{&quot;1&quot;:2,&quot;2&quot;:&quot;\u0158eznictv\u00ed U BEJKA&quot;}\" data-sheets-userformat=\"{&quot;2&quot;:513,&quot;3&quot;:{&quot;1&quot;:0},&quot;12&quot;:0}\"><strong>2. J\u00eddelna U Kon\u011b <\/strong>\/ Gul\u00e1\u0161ov\u00e1 pol\u00e9vka s trhan\u00fdm hov\u011bz\u00edm masem, bramborovou sl\u00e1mou a \u010derstvou major\u00e1nkou a P\u011bna z mlad\u00e9ho \u0161pen\u00e1tu, krutonky, \u010desnekov\u00e9 kl\u00ed\u010dky<\/span>[\/vc_custom_heading][vc_separator sep_color=&#8221;color-uydo&#8221; type=&#8221;dashed&#8221; uncode_shortcode_id=&#8221;118338&#8243; sep_color_type=&#8221;uncode-palette&#8221;][vc_custom_heading heading_semantic=&#8221;h5&#8243; text_font=&#8221;font-175345&#8243; text_size=&#8221;h5&#8243; text_weight=&#8221;400&#8243; text_height=&#8221;fontheight-357766&#8243; uncode_shortcode_id=&#8221;155396&#8243;]<span data-sheets-value=\"{&quot;1&quot;:2,&quot;2&quot;:&quot;\u0158eznictv\u00ed U BEJKA&quot;}\" data-sheets-userformat=\"{&quot;2&quot;:513,&quot;3&quot;:{&quot;1&quot;:0},&quot;12&quot;:0}\"><strong>3. Yambi Point <\/strong>\/ Kr\u00e9mov\u00e1 cizrnov\u00e1 pol\u00e9vka<\/span>[\/vc_custom_heading][vc_separator sep_color=&#8221;color-uydo&#8221; type=&#8221;dashed&#8221; uncode_shortcode_id=&#8221;945311&#8243; sep_color_type=&#8221;uncode-palette&#8221;][vc_custom_heading heading_semantic=&#8221;h5&#8243; text_font=&#8221;font-175345&#8243; text_size=&#8221;h5&#8243; text_weight=&#8221;400&#8243; text_height=&#8221;fontheight-357766&#8243; uncode_shortcode_id=&#8221;102548&#8243;]<span data-sheets-value=\"{&quot;1&quot;:2,&quot;2&quot;:&quot;\u0158eznictv\u00ed U BEJKA&quot;}\" data-sheets-userformat=\"{&quot;2&quot;:513,&quot;3&quot;:{&quot;1&quot;:0},&quot;12&quot;:0}\"><strong>4. ASIAN FOOD <\/strong>\/ Tomyum pol\u00e9vka, hov\u011bz\u00ed pho a houbov\u00e1 asijsk\u00e1 pol\u00e9vka <\/span>[\/vc_custom_heading][vc_separator sep_color=&#8221;color-uydo&#8221; type=&#8221;dashed&#8221; uncode_shortcode_id=&#8221;945311&#8243; sep_color_type=&#8221;uncode-palette&#8221;][vc_custom_heading heading_semantic=&#8221;h5&#8243; text_font=&#8221;font-175345&#8243; text_size=&#8221;h5&#8243; text_weight=&#8221;400&#8243; text_height=&#8221;fontheight-357766&#8243; uncode_shortcode_id=&#8221;408540&#8243;]<span data-sheets-value=\"{&quot;1&quot;:2,&quot;2&quot;:&quot;\u0158eznictv\u00ed U BEJKA&quot;}\" data-sheets-userformat=\"{&quot;2&quot;:513,&quot;3&quot;:{&quot;1&quot;:0},&quot;12&quot;:0}\"><strong>5. Klub mal\u00fdch pivovar\u016f<\/strong> \/ Kulajda<\/span>[\/vc_custom_heading][vc_separator sep_color=&#8221;color-uydo&#8221; type=&#8221;dashed&#8221; uncode_shortcode_id=&#8221;945311&#8243; sep_color_type=&#8221;uncode-palette&#8221;][vc_custom_heading heading_semantic=&#8221;h5&#8243; text_font=&#8221;font-175345&#8243; text_size=&#8221;h5&#8243; text_weight=&#8221;400&#8243; text_height=&#8221;fontheight-357766&#8243; uncode_shortcode_id=&#8221;619028&#8243;]<span data-sheets-value=\"{&quot;1&quot;:2,&quot;2&quot;:&quot;\u0158eznictv\u00ed U BEJKA&quot;}\" data-sheets-userformat=\"{&quot;2&quot;:513,&quot;3&quot;:{&quot;1&quot;:0},&quot;12&quot;:0}\"><strong>6. Churros Chocos <\/strong>\/ \u0160pan\u011blsk\u00e1 fazolov\u00e1<\/span>[\/vc_custom_heading][vc_separator sep_color=&#8221;color-uydo&#8221; type=&#8221;dashed&#8221; uncode_shortcode_id=&#8221;945311&#8243; sep_color_type=&#8221;uncode-palette&#8221;][vc_custom_heading heading_semantic=&#8221;h5&#8243; text_font=&#8221;font-175345&#8243; text_size=&#8221;h5&#8243; text_weight=&#8221;400&#8243; text_height=&#8221;fontheight-357766&#8243; uncode_shortcode_id=&#8221;177793&#8243;]<span data-sheets-value=\"{&quot;1&quot;:2,&quot;2&quot;:&quot;\u0158eznictv\u00ed U BEJKA&quot;}\" data-sheets-userformat=\"{&quot;2&quot;:513,&quot;3&quot;:{&quot;1&quot;:0},&quot;12&quot;:0}\"><strong>7. Dobr\u00e9 j\u00eddlo Sv\u011bta od Evy<\/strong> \/ Indick\u00fd dh\u00e1l royal (bezlepkov\u00e1, vegan) a Gul\u00e1\u0161ov\u00e1 z hl\u00edvy (bezlepkov\u00e1, vegan)<\/span>[\/vc_custom_heading][vc_separator sep_color=&#8221;color-uydo&#8221; type=&#8221;dashed&#8221; uncode_shortcode_id=&#8221;945311&#8243; sep_color_type=&#8221;uncode-palette&#8221;][vc_custom_heading heading_semantic=&#8221;h5&#8243; text_font=&#8221;font-175345&#8243; text_size=&#8221;h5&#8243; text_weight=&#8221;400&#8243; text_height=&#8221;fontheight-357766&#8243; uncode_shortcode_id=&#8221;887825&#8243;]<span data-sheets-value=\"{&quot;1&quot;:2,&quot;2&quot;:&quot;\u0158eznictv\u00ed U BEJKA&quot;}\" data-sheets-userformat=\"{&quot;2&quot;:513,&quot;3&quot;:{&quot;1&quot;:0},&quot;12&quot;:0}\"><strong>8. Warung Indonesia <\/strong>\/ Soto Ayam a Rawon<\/span>[\/vc_custom_heading][vc_separator sep_color=&#8221;color-uydo&#8221; type=&#8221;dashed&#8221; uncode_shortcode_id=&#8221;945311&#8243; sep_color_type=&#8221;uncode-palette&#8221;][vc_custom_heading heading_semantic=&#8221;h5&#8243; text_font=&#8221;font-175345&#8243; text_size=&#8221;h5&#8243; text_weight=&#8221;400&#8243; text_height=&#8221;fontheight-357766&#8243; uncode_shortcode_id=&#8221;101734&#8243;]<span data-sheets-value=\"{&quot;1&quot;:2,&quot;2&quot;:&quot;\u0158eznictv\u00ed U BEJKA&quot;}\" data-sheets-userformat=\"{&quot;2&quot;:513,&quot;3&quot;:{&quot;1&quot;:0},&quot;12&quot;:0}\"><strong>9. Fantova ryb\u00e1rna<\/strong> \/ Francouzsk\u00e1 bujab\u00e9za a finsk\u00e1 lososov\u00e1 Lohikeitto<\/span>[\/vc_custom_heading][vc_separator sep_color=&#8221;color-uydo&#8221; type=&#8221;dashed&#8221; uncode_shortcode_id=&#8221;945311&#8243; sep_color_type=&#8221;uncode-palette&#8221;][vc_custom_heading heading_semantic=&#8221;h5&#8243; text_font=&#8221;font-175345&#8243; text_size=&#8221;h5&#8243; text_weight=&#8221;400&#8243; text_height=&#8221;fontheight-357766&#8243; uncode_shortcode_id=&#8221;178380&#8243;]<span data-sheets-value=\"{&quot;1&quot;:2,&quot;2&quot;:&quot;\u0158eznictv\u00ed U BEJKA&quot;}\" data-sheets-userformat=\"{&quot;2&quot;:513,&quot;3&quot;:{&quot;1&quot;:0},&quot;12&quot;:0}\"><strong>10. Trhatho<\/strong> \/ Kr\u00e9mov\u00e1 \u010desne\u010dka s krut\u00f3ny a Brambora\u010dka s h\u0159\u00edbky na m\u00e1sle<\/span>[\/vc_custom_heading][vc_separator sep_color=&#8221;color-uydo&#8221; type=&#8221;dashed&#8221; uncode_shortcode_id=&#8221;945311&#8243; sep_color_type=&#8221;uncode-palette&#8221;][vc_custom_heading heading_semantic=&#8221;h5&#8243; text_font=&#8221;font-175345&#8243; text_size=&#8221;h5&#8243; text_weight=&#8221;400&#8243; text_height=&#8221;fontheight-357766&#8243; uncode_shortcode_id=&#8221;121700&#8243;]<span data-sheets-value=\"{&quot;1&quot;:2,&quot;2&quot;:&quot;\u0158eznictv\u00ed U BEJKA&quot;}\" data-sheets-userformat=\"{&quot;2&quot;:513,&quot;3&quot;:{&quot;1&quot;:0},&quot;12&quot;:0}\"><strong>11. AnderFood <\/strong>\u00a0\/ Bogr\u00e1cs<\/span>[\/vc_custom_heading][vc_separator sep_color=&#8221;color-uydo&#8221; type=&#8221;dashed&#8221; uncode_shortcode_id=&#8221;945311&#8243; sep_color_type=&#8221;uncode-palette&#8221;][vc_custom_heading heading_semantic=&#8221;h5&#8243; text_font=&#8221;font-175345&#8243; text_size=&#8221;h5&#8243; text_weight=&#8221;400&#8243; text_height=&#8221;fontheight-357766&#8243; uncode_shortcode_id=&#8221;139943&#8243;]<span data-sheets-value=\"{&quot;1&quot;:2,&quot;2&quot;:&quot;\u0158eznictv\u00ed U BEJKA&quot;}\" data-sheets-userformat=\"{&quot;2&quot;:513,&quot;3&quot;:{&quot;1&quot;:0},&quot;12&quot;:0}\"><strong>12. I cesta m\u016f\u017ee b\u00fdt c\u00edl z. s. <\/strong>\/ Pikantn\u00ed d\u00fd\u0148ov\u00e1 pol\u00e9vka s kari a kokosem <\/span>[\/vc_custom_heading][vc_separator sep_color=&#8221;color-uydo&#8221; type=&#8221;dashed&#8221; uncode_shortcode_id=&#8221;945311&#8243; sep_color_type=&#8221;uncode-palette&#8221;][vc_custom_heading heading_semantic=&#8221;h5&#8243; text_font=&#8221;font-175345&#8243; text_size=&#8221;h5&#8243; text_weight=&#8221;400&#8243; text_height=&#8221;fontheight-357766&#8243; uncode_shortcode_id=&#8221;637755&#8243;]<span data-sheets-value=\"{&quot;1&quot;:2,&quot;2&quot;:&quot;\u0158eznictv\u00ed U BEJKA&quot;}\" data-sheets-userformat=\"{&quot;2&quot;:513,&quot;3&quot;:{&quot;1&quot;:0},&quot;12&quot;:0}\"><strong>13. LuBokaShi <\/strong>\/ Gazpacho\u00a0<\/span>[\/vc_custom_heading][vc_separator sep_color=&#8221;color-uydo&#8221; type=&#8221;dashed&#8221; uncode_shortcode_id=&#8221;945311&#8243; sep_color_type=&#8221;uncode-palette&#8221;][vc_custom_heading heading_semantic=&#8221;h5&#8243; text_font=&#8221;font-175345&#8243; text_size=&#8221;h5&#8243; text_weight=&#8221;400&#8243; text_height=&#8221;fontheight-357766&#8243; uncode_shortcode_id=&#8221;737851&#8243;]<span data-sheets-value=\"{&quot;1&quot;:2,&quot;2&quot;:&quot;\u0158eznictv\u00ed U BEJKA&quot;}\" data-sheets-userformat=\"{&quot;2&quot;:513,&quot;3&quot;:{&quot;1&quot;:0},&quot;12&quot;:0}\"><strong>14. Corndog lovers <\/strong>\/ Korejsk\u00e1 tteok-bokki <\/span>[\/vc_custom_heading][vc_separator sep_color=&#8221;color-uydo&#8221; type=&#8221;dashed&#8221; uncode_shortcode_id=&#8221;945311&#8243; sep_color_type=&#8221;uncode-palette&#8221;][vc_custom_heading heading_semantic=&#8221;h5&#8243; text_font=&#8221;font-175345&#8243; text_size=&#8221;h5&#8243; text_weight=&#8221;400&#8243; text_height=&#8221;fontheight-357766&#8243; uncode_shortcode_id=&#8221;118966&#8243;]<span data-sheets-value=\"{&quot;1&quot;:2,&quot;2&quot;:&quot;\u0158eznictv\u00ed U BEJKA&quot;}\" data-sheets-userformat=\"{&quot;2&quot;:513,&quot;3&quot;:{&quot;1&quot;:0},&quot;12&quot;:0}\"><strong>15. Khamoro Plz\u0148atar <\/strong>\/ Staro\u010desk\u00e1 zelna\u010dka<\/span>[\/vc_custom_heading][\/vc_column][\/vc_row][vc_row row_height_percent=&#8221;0&#8243; override_padding=&#8221;yes&#8221; h_padding=&#8221;2&#8243; top_padding=&#8221;6&#8243; bottom_padding=&#8221;6&#8243; back_color=&#8221;color-wayh&#8221; overlay_alpha=&#8221;50&#8243; gutter_size=&#8221;3&#8243; column_width_percent=&#8221;100&#8243; shift_y=&#8221;0&#8243; z_index=&#8221;1&#8243; row_name=&#8221;About Me&#8221; uncode_shortcode_id=&#8221;494586&#8243; back_color_type=&#8221;uncode-palette&#8221;][vc_column column_width_percent=&#8221;100&#8243; position_vertical=&#8221;middle&#8221; gutter_size=&#8221;4&#8243; style=&#8221;dark&#8221; overlay_alpha=&#8221;50&#8243; shift_x=&#8221;0&#8243; shift_y=&#8221;0&#8243; shift_y_down=&#8221;0&#8243; z_index=&#8221;0&#8243; medium_width=&#8221;0&#8243; mobile_width=&#8221;0&#8243; css_animation=&#8221;alpha-anim&#8221; animation_speed=&#8221;1000&#8243; width=&#8221;1\/1&#8243; uncode_shortcode_id=&#8221;209936&#8243;][vc_row_inner row_inner_height_percent=&#8221;0&#8243; overlay_alpha=&#8221;50&#8243; gutter_size=&#8221;4&#8243; shift_y=&#8221;0&#8243; z_index=&#8221;0&#8243; limit_content=&#8221;&#8221;][vc_column_inner column_width_percent=&#8221;100&#8243; position_vertical=&#8221;middle&#8221; gutter_size=&#8221;3&#8243; style=&#8221;dark&#8221; overlay_alpha=&#8221;50&#8243; shift_x=&#8221;0&#8243; shift_y=&#8221;0&#8243; shift_y_down=&#8221;0&#8243; z_index=&#8221;0&#8243; medium_width=&#8221;0&#8243; align_mobile=&#8221;align_center_mobile&#8221; mobile_width=&#8221;0&#8243; width=&#8221;1\/2&#8243; uncode_shortcode_id=&#8221;154873&#8243;][vc_custom_heading heading_semantic=&#8221;h4&#8243; text_font=&#8221;font-673331&#8243; text_size=&#8221;fontsize-338686&#8243; text_weight=&#8221;800&#8243; uncode_shortcode_id=&#8221;143454&#8243;]Pol\u00e9vka je grunt![\/vc_custom_heading][\/vc_column_inner][vc_column_inner column_width_percent=&#8221;100&#8243; position_horizontal=&#8221;left&#8221; position_vertical=&#8221;middle&#8221; gutter_size=&#8221;4&#8243; style=&#8221;dark&#8221; overlay_alpha=&#8221;50&#8243; shift_x=&#8221;0&#8243; shift_y=&#8221;0&#8243; shift_y_down=&#8221;0&#8243; z_index=&#8221;0&#8243; medium_width=&#8221;0&#8243; align_mobile=&#8221;align_center_mobile&#8221; mobile_width=&#8221;0&#8243; width=&#8221;1\/2&#8243; uncode_shortcode_id=&#8221;145793&#8243;][vc_custom_heading heading_semantic=&#8221;h4&#8243; text_font=&#8221;font-673331&#8243; text_size=&#8221;h4&#8243; text_weight=&#8221;300&#8243; text_height=&#8221;fontheight-357766&#8243; uncode_shortcode_id=&#8221;204321&#8243;]Va\u0159\u00edme ve 40litrov\u00fdch kotl\u00edch na otev\u0159en\u00e9m ohni p\u0159\u00edmo p\u0159ed zraky n\u00e1v\u0161t\u011bvn\u00edk\u016f. Festivalu se pravideln\u011b \u00fa\u010dastn\u00ed restaurace, bistra, ale i neziskov\u00e9 organizace.<\/p>\n<p>V\u0161ichni toti\u017e v\u00ed, \u017ee pol\u00e9vka&#8230; je grunt![\/vc_custom_heading][\/vc_column_inner][\/vc_row_inner][vc_separator sep_color=&#8221;,Default&#8221;][vc_row_inner row_inner_height_percent=&#8221;0&#8243; overlay_alpha=&#8221;50&#8243; gutter_size=&#8221;4&#8243; shift_y=&#8221;0&#8243; z_index=&#8221;0&#8243; limit_content=&#8221;&#8221; uncode_shortcode_id=&#8221;113687&#8243;][vc_column_inner column_width_percent=&#8221;100&#8243; gutter_size=&#8221;2&#8243; style=&#8221;dark&#8221; overlay_alpha=&#8221;50&#8243; shift_x=&#8221;0&#8243; shift_y=&#8221;0&#8243; shift_y_down=&#8221;0&#8243; z_index=&#8221;0&#8243; medium_width=&#8221;4&#8243; mobile_width=&#8221;4&#8243; width=&#8221;1\/3&#8243; uncode_shortcode_id=&#8221;101441&#8243;][uncode_counter value=&#8221;14&#8243; counter_color=&#8221;accent&#8221; font=&#8221;font-673331&#8243; size=&#8221;fontsize-338686&#8243; weight=&#8221;700&#8243; height=&#8221;fontheight-179065&#8243; uncode_shortcode_id=&#8221;935824&#8243; counter_color_type=&#8221;uncode-palette&#8221;][vc_custom_heading heading_semantic=&#8221;h4&#8243; text_font=&#8221;font-673331&#8243; text_size=&#8221;h4&#8243; text_weight=&#8221;700&#8243; uncode_shortcode_id=&#8221;148578&#8243;]Prodejc\u016f[\/vc_custom_heading][\/vc_column_inner][vc_column_inner column_width_percent=&#8221;100&#8243; gutter_size=&#8221;2&#8243; style=&#8221;dark&#8221; overlay_alpha=&#8221;50&#8243; shift_x=&#8221;0&#8243; shift_y=&#8221;0&#8243; shift_y_down=&#8221;0&#8243; z_index=&#8221;0&#8243; medium_width=&#8221;4&#8243; mobile_width=&#8221;4&#8243; width=&#8221;1\/3&#8243; uncode_shortcode_id=&#8221;296472&#8243;][uncode_counter value=&#8221;22&#8243; counter_color=&#8221;accent&#8221; font=&#8221;font-673331&#8243; size=&#8221;fontsize-338686&#8243; weight=&#8221;700&#8243; height=&#8221;fontheight-179065&#8243; uncode_shortcode_id=&#8221;211940&#8243; counter_color_type=&#8221;uncode-palette&#8221;][vc_custom_heading heading_semantic=&#8221;h3&#8243; text_font=&#8221;font-673331&#8243; text_size=&#8221;h3&#8243; text_weight=&#8221;700&#8243; uncode_shortcode_id=&#8221;795038&#8243;]Druh\u016f pol\u00e9vek[\/vc_custom_heading][\/vc_column_inner][vc_column_inner column_width_percent=&#8221;100&#8243; gutter_size=&#8221;2&#8243; style=&#8221;dark&#8221; overlay_alpha=&#8221;50&#8243; shift_x=&#8221;0&#8243; shift_y=&#8221;0&#8243; shift_y_down=&#8221;0&#8243; z_index=&#8221;0&#8243; medium_width=&#8221;4&#8243; mobile_width=&#8221;4&#8243; width=&#8221;1\/3&#8243; uncode_shortcode_id=&#8221;142690&#8243;][uncode_counter value=&#8221;40&#8243; counter_color=&#8221;accent&#8221; font=&#8221;font-673331&#8243; size=&#8221;fontsize-338686&#8243; weight=&#8221;700&#8243; height=&#8221;fontheight-179065&#8243; uncode_shortcode_id=&#8221;101033&#8243; counter_color_type=&#8221;uncode-palette&#8221;][vc_custom_heading heading_semantic=&#8221;h3&#8243; text_font=&#8221;font-673331&#8243; text_size=&#8221;h3&#8243; text_weight=&#8221;700&#8243; uncode_shortcode_id=&#8221;669175&#8243;]Litr\u016f pol\u00e9vky v kotli[\/vc_custom_heading][\/vc_column_inner][\/vc_row_inner][\/vc_column][\/vc_row]<\/p>\n","protected":false},"excerpt":{"rendered":"<p>[vc_row row_height_percent=&#8221;100&#8243; override_padding=&#8221;yes&#8221; h_padding=&#8221;2&#8243; top_padding=&#8221;4&#8243; bottom_padding=&#8221;2&#8243; back_color=&#8221;color-jevc&#8221; back_image=&#8221;100892&#8243; back_position=&#8221;center bottom&#8221; overlay_color=&#8221;color-jevc&#8221; overlay_alpha=&#8221;25&#8243; gutter_size=&#8221;3&#8243; column_width_percent=&#8221;100&#8243; shift_y=&#8221;0&#8243; z_index=&#8221;1&#8243; enable_bottom_divider=&#8221;default&#8221; bottom_divider=&#8221;gradient&#8221; shape_bottom_h_use_pixel=&#8221;true&#8221; shape_bottom_height_percent=&#8221;100&#8243; [&hellip;]<\/p>\n","protected":false},"author":1,"featured_media":0,"parent":0,"menu_order":0,"comment_status":"closed","ping_status":"closed","template":"","meta":{"_seopress_robots_primary_cat":"","footnotes":""},"class_list":["post-90081","page","type-page","status-publish","hentry"],"_links":{"self":[{"href":"https:\/\/festivalpolevky.cz\/index.php?rest_route=\/wp\/v2\/pages\/90081","targetHints":{"allow":["GET"]}}],"collection":[{"href":"https:\/\/festivalpolevky.cz\/index.php?rest_route=\/wp\/v2\/pages"}],"about":[{"href":"https:\/\/festivalpolevky.cz\/index.php?rest_route=\/wp\/v2\/types\/page"}],"author":[{"embeddable":true,"href":"https:\/\/festivalpolevky.cz\/index.php?rest_route=\/wp\/v2\/users\/1"}],"replies":[{"embeddable":true,"href":"https:\/\/festivalpolevky.cz\/index.php?rest_route=%2Fwp%2Fv2%2Fcomments&post=90081"}],"version-history":[{"count":47,"href":"https:\/\/festivalpolevky.cz\/index.php?rest_route=\/wp\/v2\/pages\/90081\/revisions"}],"predecessor-version":[{"id":100962,"href":"https:\/\/festivalpolevky.cz\/index.php?rest_route=\/wp\/v2\/pages\/90081\/revisions\/100962"}],"wp:attachment":[{"href":"https:\/\/festivalpolevky.cz\/index.php?rest_route=%2Fwp%2Fv2%2Fmedia&parent=90081"}],"curies":[{"name":"wp","href":"https:\/\/api.w.org\/{rel}","templated":true}]}}